{"id":96,"date":"2017-01-24T19:01:33","date_gmt":"2017-01-24T18:01:33","guid":{"rendered":"http:\/\/pixel-mafia.com\/demo\/wordpress-themes\/photty\/?page_id=96"},"modified":"2026-03-31T19:44:58","modified_gmt":"2026-03-31T17:44:58","slug":"kontakt","status":"publish","type":"page","link":"https:\/\/greenstudio.com.pl\/index.php\/kontakt\/","title":{"rendered":"Kontakt"},"content":{"rendered":"<div class=\"wpb-content-wrapper\"><p>[vc_row][vc_column][\/vc_column][\/vc_row][vc_row full_width=&#8221;stretch_row&#8221; css_animation=&#8221;none&#8221; css=&#8221;.vc_custom_1490017489873{margin-top: 50px !important;margin-bottom: 0px !important;padding-bottom: 0px !important;background-color: #f7f7f7 !important;}&#8221;][vc_column][vc_column_text css_animation=&#8221;slideInLeft&#8221; css=&#8221;.vc_custom_1583522031459{margin-top: 0px !important;margin-right: 20% !important;margin-bottom: 0px !important;margin-left: 20% !important;padding-bottom: 10px !important;}&#8221;]<\/p>\n<h2 style=\"text-align: center;\">Kontakt<\/h2>\n<p>[\/vc_column_text][\/vc_column][\/vc_row][vc_row css_animation=&#8221;slideInUp&#8221;][vc_column width=&#8221;2\/3&#8243; css=&#8221;.vc_custom_1486226779012{margin-bottom: -6px !important;padding-top: 2px !important;}&#8221; el_class=&#8221;photobooth_contact_wrapper&#8221;][vc_gmaps link=&#8221;#E-8_JTNDaWZyYW1lJTIwc3JjJTNEJTIyaHR0cHMlM0ElMkYlMkZ3d3cuZ29vZ2xlLmNvbSUyRm1hcHMlMkZlbWJlZCUzRnBiJTNEJTIxMW0xNCUyMTFtOCUyMTFtMyUyMTFkOTUwMy42ODkyNDMzNDAzNTclMjEyZDE3LjUzMjMwMiUyMTNkNTMuNDUxOTc1JTIxM20yJTIxMWkxMDI0JTIxMmk3NjglMjE0ZjEzLjElMjEzbTMlMjExbTIlMjExczB4MCUyNTNBMHhlMTA3YTIzZjcwODQ2YTlkJTIxMnNHUkVFTnN0dWRpbyUyQmZvdG9ncmFmaWElMkIlMjU3QyUyQmdyYWZpa2ElMkIlMjU3QyUyQm11bHRpbWVkaWElMjE1ZTAlMjEzbTIlMjExc3BsJTIxMnNwbCUyMTR2MTU2MDI0ODA3ODgzNSUyMTVtMiUyMTFzcGwlMjEyc3BsJTIyJTIwd2lkdGglM0QlMjI2MDAlMjIlMjBoZWlnaHQlM0QlMjI0NTAlMjIlMjBmcmFtZWJvcmRlciUzRCUyMjAlMjIlMjBzdHlsZSUzRCUyMmJvcmRlciUzQTAlMjIlMjBhbGxvd2Z1bGxzY3JlZW4lM0UlM0MlMkZpZnJhbWUlM0U=&#8221;][\/vc_column][vc_column width=&#8221;1\/3&#8243; el_class=&#8221;photobooth_contact_info&#8221; css=&#8221;.vc_custom_1486226786200{margin-bottom: -6px !important;}&#8221;][vc_column_text css_animation=&#8221;none&#8221; css=&#8221;.vc_custom_1774979096010{margin-bottom: 25px !important;}&#8221;]GREENstudio fotografia | grafika | multimedia<br \/>\nStudzienna 4, 89-400 S\u0119p\u00f3lno Kraje\u0144skie | Chojnice | Bydgoszcz<\/p>\n<p>tel. biuro:\u00a0 +48 575 335 666\u00a0 \u00a0godz. 9:00- 17:00<\/p>\n<p>tel: +48 607 142 159<\/p>\n<h6>email:<\/h6>\n<p><a href=\"mailto:bok@greenstudio.com.pl\">bok@greenstudio.com.pl<\/a><\/p>\n<p><a href=\"mailto:pracownia@greenstudio.com.pl\">pracownia@greenstudio.com.pl<\/a>[\/vc_column_text][\/vc_column][\/vc_row]<\/p>\n<\/div>","protected":false},"excerpt":{"rendered":"<p>[vc_row][vc_column][\/vc_column][\/vc_row][vc_row full_width=&#8221;stretch_row&#8221; css_animation=&#8221;none&#8221; css=&#8221;.vc_custom_1490017489873{margin-top: 50px !important;margin-bottom: 0px !important;padding-bottom: 0px !important;background-color: #f7f7f7 !important;}&#8221;][vc_column][vc_column_text css_animation=&#8221;slideInLeft&#8221; css=&#8221;.vc_custom_1583522031459{margin-top: 0px !important;margin-right: 20% !important;margin-bottom: 0px !important;margin-left: 20% !important;padding-bottom: 10px !important;}&#8221;] Kontakt [\/vc_column_text][\/vc_column][\/vc_row][vc_row css_animation=&#8221;slideInUp&#8221;][vc_column width=&#8221;2\/3&#8243; css=&#8221;.vc_custom_1486226779012{margin-bottom: -6px !important;padding-top: 2px !important;}&#8221; el_class=&#8221;photobooth_contact_wrapper&#8221;][vc_gmaps link=&#8221;#E-8_JTNDaWZyYW1lJTIwc3JjJTNEJTIyaHR0cHMlM0ElMkYlMkZ3d3cuZ29vZ2xlLmNvbSUyRm1hcHMlMkZlbWJlZCUzRnBiJTNEJTIxMW0xNCUyMTFtOCUyMTFtMyUyMTFkOTUwMy42ODkyNDMzNDAzNTclMjEyZDE3LjUzMjMwMiUyMTNkNTMuNDUxOTc1JTIxM20yJTIxMWkxMDI0JTIxMmk3NjglMjE0ZjEzLjElMjEzbTMlMjExbTIlMjExczB4MCUyNTNBMHhlMTA3YTIzZjcwODQ2YTlkJTIxMnNHUkVFTnN0dWRpbyUyQmZvdG9ncmFmaWElMkIlMjU3QyUyQmdyYWZpa2ElMkIlMjU3QyUyQm11bHRpbWVkaWElMjE1ZTAlMjEzbTIlMjExc3BsJTIxMnNwbCUyMTR2MTU2MDI0ODA3ODgzNSUyMTVtMiUyMTFzcGwlMjEyc3BsJTIyJTIwd2lkdGglM0QlMjI2MDAlMjIlMjBoZWlnaHQlM0QlMjI0NTAlMjIlMjBmcmFtZWJvcmRlciUzRCUyMjAlMjIlMjBzdHlsZSUzRCUyMmJvcmRlciUzQTAlMjIlMjBhbGxvd2Z1bGxzY3JlZW4lM0UlM0MlMkZpZnJhbWUlM0U=&#8221;][\/vc_column][vc_column width=&#8221;1\/3&#8243; el_class=&#8221;photobooth_contact_info&#8221; css=&#8221;.vc_custom_1486226786200{margin-bottom: -6px !important;}&#8221;][vc_column_text css_animation=&#8221;none&#8221; css=&#8221;.vc_custom_1774979096010{margin-bottom: 25px !important;}&#8221;]GREENstudio fotografia | grafika | multimedia Studzienna 4, 89-400 S\u0119p\u00f3lno Kraje\u0144skie | [&hellip;]<\/p>\n","protected":false},"author":1,"featured_media":0,"parent":0,"menu_order":0,"comment_status":"closed","ping_status":"closed","template":"","meta":{"footnotes":""},"class_list":["post-96","page","type-page","status-publish","hentry"],"_links":{"self":[{"href":"https:\/\/greenstudio.com.pl\/index.php\/wp-json\/wp\/v2\/pages\/96","targetHints":{"allow":["GET"]}}],"collection":[{"href":"https:\/\/greenstudio.com.pl\/index.php\/wp-json\/wp\/v2\/pages"}],"about":[{"href":"https:\/\/greenstudio.com.pl\/index.php\/wp-json\/wp\/v2\/types\/page"}],"author":[{"embeddable":true,"href":"https:\/\/greenstudio.com.pl\/index.php\/wp-json\/wp\/v2\/users\/1"}],"replies":[{"embeddable":true,"href":"https:\/\/greenstudio.com.pl\/index.php\/wp-json\/wp\/v2\/comments?post=96"}],"version-history":[{"count":38,"href":"https:\/\/greenstudio.com.pl\/index.php\/wp-json\/wp\/v2\/pages\/96\/revisions"}],"predecessor-version":[{"id":4157,"href":"https:\/\/greenstudio.com.pl\/index.php\/wp-json\/wp\/v2\/pages\/96\/revisions\/4157"}],"wp:attachment":[{"href":"https:\/\/greenstudio.com.pl\/index.php\/wp-json\/wp\/v2\/media?parent=96"}],"curies":[{"name":"wp","href":"https:\/\/api.w.org\/{rel}","templated":true}]}}