{"id":1993,"date":"2019-06-12T12:23:04","date_gmt":"2019-06-12T10:23:04","guid":{"rendered":"https:\/\/greenstudio.com.pl\/?page_id=1993"},"modified":"2020-04-25T19:54:12","modified_gmt":"2020-04-25T17:54:12","slug":"dzieci","status":"publish","type":"page","link":"https:\/\/greenstudio.com.pl\/index.php\/dzieci\/","title":{"rendered":"Dzieci"},"content":{"rendered":"<div class=\"wpb-content-wrapper\"><p>[vc_row][vc_column][vc_column_text css=&#8221;.vc_custom_1581876223897{margin-top: 10px !important;margin-bottom: 10px !important;}&#8221;]<\/p>\n<p style=\"text-align: center;\">Najbardziej lubi\u0119 fakt, \u017ce ka\u017cda sesja jest inna. Ka\u017cde spotkanie z fotografowan\u0105 rodzin\u0105 ma inn\u0105 histori\u0119.<\/p>\n<p style=\"text-align: center;\">To czyni moj\u0105 profesj\u0119 bardziej ciekaw\u0105.<\/p>\n<p>[\/vc_column_text][pm_vc_grid images=&#8221;2344,2340,2342,2343,2345,2451,2453,1940,1939,1931,1933,1937,1932,1936,1935,1934,2454,2455,2456,2458,2464,2459,2462,2463,2465,2469,2366,2368,2358,2359,2360,2361,2362,2472,2473,2474,2477,2478,2479,2480,2481,2482,2484,2485,2488,2489,2490,2492,2493,2494,2495,2497,2496,2501,2499,2500&#8243; masonry=&#8221;on&#8221; items_in_row=&#8221;5&#8243; posts_first_load=&#8221;100&#8243; items_per_load=&#8221;50&#8243; items_padding=&#8221;10px&#8221; custom_css=&#8221;.vc_custom_1587837243261{margin-top: 50px !important;margin-bottom: 80px !important;}&#8221;][\/vc_column][\/vc_row][vc_row][vc_column][\/vc_column][\/vc_row]<\/p>\n<\/div>","protected":false},"excerpt":{"rendered":"<p>[vc_row][vc_column][vc_column_text css=&#8221;.vc_custom_1581876223897{margin-top: 10px !important;margin-bottom: 10px !important;}&#8221;] Najbardziej lubi\u0119 fakt, \u017ce ka\u017cda sesja jest inna. Ka\u017cde spotkanie z fotografowan\u0105 rodzin\u0105 ma inn\u0105 histori\u0119. To czyni moj\u0105 profesj\u0119 bardziej ciekaw\u0105. [\/vc_column_text][pm_vc_grid images=&#8221;2344,2340,2342,2343,2345,2451,2453,1940,1939,1931,1933,1937,1932,1936,1935,1934,2454,2455,2456,2458,2464,2459,2462,2463,2465,2469,2366,2368,2358,2359,2360,2361,2362,2472,2473,2474,2477,2478,2479,2480,2481,2482,2484,2485,2488,2489,2490,2492,2493,2494,2495,2497,2496,2501,2499,2500&#8243; masonry=&#8221;on&#8221; items_in_row=&#8221;5&#8243; posts_first_load=&#8221;100&#8243; items_per_load=&#8221;50&#8243; items_padding=&#8221;10px&#8221; custom_css=&#8221;.vc_custom_1587837243261{margin-top: 50px !important;margin-bottom: 80px !important;}&#8221;][\/vc_column][\/vc_row][vc_row][vc_column][\/vc_column][\/vc_row]<\/p>\n","protected":false},"author":1,"featured_media":0,"parent":0,"menu_order":0,"comment_status":"closed","ping_status":"closed","template":"","meta":{"footnotes":""},"class_list":["post-1993","page","type-page","status-publish","hentry"],"_links":{"self":[{"href":"https:\/\/greenstudio.com.pl\/index.php\/wp-json\/wp\/v2\/pages\/1993","targetHints":{"allow":["GET"]}}],"collection":[{"href":"https:\/\/greenstudio.com.pl\/index.php\/wp-json\/wp\/v2\/pages"}],"about":[{"href":"https:\/\/greenstudio.com.pl\/index.php\/wp-json\/wp\/v2\/types\/page"}],"author":[{"embeddable":true,"href":"https:\/\/greenstudio.com.pl\/index.php\/wp-json\/wp\/v2\/users\/1"}],"replies":[{"embeddable":true,"href":"https:\/\/greenstudio.com.pl\/index.php\/wp-json\/wp\/v2\/comments?post=1993"}],"version-history":[{"count":29,"href":"https:\/\/greenstudio.com.pl\/index.php\/wp-json\/wp\/v2\/pages\/1993\/revisions"}],"predecessor-version":[{"id":2502,"href":"https:\/\/greenstudio.com.pl\/index.php\/wp-json\/wp\/v2\/pages\/1993\/revisions\/2502"}],"wp:attachment":[{"href":"https:\/\/greenstudio.com.pl\/index.php\/wp-json\/wp\/v2\/media?parent=1993"}],"curies":[{"name":"wp","href":"https:\/\/api.w.org\/{rel}","templated":true}]}}