{"id":166,"date":"2017-01-25T18:00:39","date_gmt":"2017-01-25T17:00:39","guid":{"rendered":"http:\/\/pixel-mafia.com\/demo\/wordpress-themes\/photty\/?page_id=166"},"modified":"2022-02-08T21:09:29","modified_gmt":"2022-02-08T20:09:29","slug":"slubne-historie","status":"publish","type":"page","link":"https:\/\/greenstudio.com.pl\/index.php\/slubne-historie\/","title":{"rendered":"\u015alubne historie"},"content":{"rendered":"<div class=\"wpb-content-wrapper\"><p>[vc_row full_width=&#8221;stretch_row_content_no_spaces&#8221; css=&#8221;.vc_custom_1490265428658{margin-top: 30px !important;margin-bottom: -80px !important;}&#8221; el_class=&#8221;demo_grid_gallery&#8221;][vc_column][vc_column_text css=&#8221;.vc_custom_1561140967684{margin-top: 10px !important;margin-bottom: 10px !important;}&#8221;]<\/p>\n<p style=\"text-align: center;\">Kilka uj\u0119\u0107 \u015blubnych to ma\u0142y procent tego co fotografuj\u0119.<\/p>\n<p style=\"text-align: center;\">Ze wzgl\u0119du na intymny charakter uroczysto\u015bci nie publikuj\u0119 zdj\u0119\u0107 z reporta\u017cu \u015blubnego.<\/p>\n<p>[\/vc_column_text][pm_vc_grid images=&#8221;2421,1911,2325,2049,2420,2011,1909,1912,2409,2414,2427,2333,2009,2031,2034,2332,2027,2331,2024,2330,2025,2329,2328,2006,2327,2015,2326,2412,2035,2033,2030,2029,2028,2026,2023,2022,1910,2020,2019,2018,2016,2014,2013,2012,2010,2008,2007,2005,2004,2413,2416,2419,2422&#8243; items_in_row=&#8221;5&#8243; posts_first_load=&#8221;100&#8243; items_per_load=&#8221;50&#8243; items_padding=&#8221;30px&#8221; items_on_start=&#8221;9&#8243; custom_css=&#8221;.vc_custom_1644350963158{margin-top: 50px !important;margin-bottom: 80px !important;}&#8221;][\/vc_column][\/vc_row][vc_row][vc_column][\/vc_column][\/vc_row]<\/p>\n<\/div>","protected":false},"excerpt":{"rendered":"<p>[vc_row full_width=&#8221;stretch_row_content_no_spaces&#8221; css=&#8221;.vc_custom_1490265428658{margin-top: 30px !important;margin-bottom: -80px !important;}&#8221; el_class=&#8221;demo_grid_gallery&#8221;][vc_column][vc_column_text css=&#8221;.vc_custom_1561140967684{margin-top: 10px !important;margin-bottom: 10px !important;}&#8221;] Kilka uj\u0119\u0107 \u015blubnych to ma\u0142y procent tego co fotografuj\u0119. Ze wzgl\u0119du na intymny charakter uroczysto\u015bci nie publikuj\u0119 zdj\u0119\u0107 z reporta\u017cu \u015blubnego. [\/vc_column_text][pm_vc_grid images=&#8221;2421,1911,2325,2049,2420,2011,1909,1912,2409,2414,2427,2333,2009,2031,2034,2332,2027,2331,2024,2330,2025,2329,2328,2006,2327,2015,2326,2412,2035,2033,2030,2029,2028,2026,2023,2022,1910,2020,2019,2018,2016,2014,2013,2012,2010,2008,2007,2005,2004,2413,2416,2419,2422&#8243; items_in_row=&#8221;5&#8243; posts_first_load=&#8221;100&#8243; items_per_load=&#8221;50&#8243; items_padding=&#8221;30px&#8221; items_on_start=&#8221;9&#8243; custom_css=&#8221;.vc_custom_1644350963158{margin-top: 50px !important;margin-bottom: 80px !important;}&#8221;][\/vc_column][\/vc_row][vc_row][vc_column][\/vc_column][\/vc_row]<\/p>\n","protected":false},"author":1,"featured_media":0,"parent":0,"menu_order":0,"comment_status":"closed","ping_status":"closed","template":"","meta":{"footnotes":""},"class_list":["post-166","page","type-page","status-publish","hentry"],"_links":{"self":[{"href":"https:\/\/greenstudio.com.pl\/index.php\/wp-json\/wp\/v2\/pages\/166","targetHints":{"allow":["GET"]}}],"collection":[{"href":"https:\/\/greenstudio.com.pl\/index.php\/wp-json\/wp\/v2\/pages"}],"about":[{"href":"https:\/\/greenstudio.com.pl\/index.php\/wp-json\/wp\/v2\/types\/page"}],"author":[{"embeddable":true,"href":"https:\/\/greenstudio.com.pl\/index.php\/wp-json\/wp\/v2\/users\/1"}],"replies":[{"embeddable":true,"href":"https:\/\/greenstudio.com.pl\/index.php\/wp-json\/wp\/v2\/comments?post=166"}],"version-history":[{"count":19,"href":"https:\/\/greenstudio.com.pl\/index.php\/wp-json\/wp\/v2\/pages\/166\/revisions"}],"predecessor-version":[{"id":2688,"href":"https:\/\/greenstudio.com.pl\/index.php\/wp-json\/wp\/v2\/pages\/166\/revisions\/2688"}],"wp:attachment":[{"href":"https:\/\/greenstudio.com.pl\/index.php\/wp-json\/wp\/v2\/media?parent=166"}],"curies":[{"name":"wp","href":"https:\/\/api.w.org\/{rel}","templated":true}]}}